{"id":126,"date":"2016-03-30T08:29:39","date_gmt":"2016-03-30T07:29:39","guid":{"rendered":"http:\/\/kinesio-slovak.sk\/?page_id=126"},"modified":"2018-05-28T08:36:11","modified_gmt":"2018-05-28T07:36:11","slug":"terapeuti","status":"publish","type":"page","link":"https:\/\/kinesio-slovak.sk\/index.php\/terapeuti\/","title":{"rendered":"Terapeuti"},"content":{"rendered":"<h2><\/h2>\n<h2 style=\"text-align: center;\">V Souladu na\u0159\u00edzen\u00edm GDPR pot\u0159ebujeme ke zve\u0159ejn\u011bn\u00ed va\u0161ich OS v\u00e1\u0161 souhlas.<\/h2>\n<h2 style=\"text-align: center;\">V p\u0159\u00edpad\u011b z\u00e1jmu o zve\u0159ejn\u011bn\u00ed n\u00e1s kontaktujte na<strong>\u00a0<a href=\"http:\/\/www.kinesio-czech.cz\/kontakt\/\">ZDE<\/a><\/strong><\/h2>\n<p>&nbsp;<\/p>\n","protected":false},"excerpt":{"rendered":"<p><span class=\"excerpt-hellip\"> [\u2026]<\/span><\/p>\n","protected":false},"author":1,"featured_media":0,"parent":0,"menu_order":0,"comment_status":"closed","ping_status":"closed","template":"","meta":{"footnotes":""},"class_list":["post-126","page","type-page","status-publish","hentry"],"_links":{"self":[{"href":"https:\/\/kinesio-slovak.sk\/index.php\/wp-json\/wp\/v2\/pages\/126","targetHints":{"allow":["GET"]}}],"collection":[{"href":"https:\/\/kinesio-slovak.sk\/index.php\/wp-json\/wp\/v2\/pages"}],"about":[{"href":"https:\/\/kinesio-slovak.sk\/index.php\/wp-json\/wp\/v2\/types\/page"}],"author":[{"embeddable":true,"href":"https:\/\/kinesio-slovak.sk\/index.php\/wp-json\/wp\/v2\/users\/1"}],"replies":[{"embeddable":true,"href":"https:\/\/kinesio-slovak.sk\/index.php\/wp-json\/wp\/v2\/comments?post=126"}],"version-history":[{"count":0,"href":"https:\/\/kinesio-slovak.sk\/index.php\/wp-json\/wp\/v2\/pages\/126\/revisions"}],"wp:attachment":[{"href":"https:\/\/kinesio-slovak.sk\/index.php\/wp-json\/wp\/v2\/media?parent=126"}],"curies":[{"name":"wp","href":"https:\/\/api.w.org\/{rel}","templated":true}]}}