{"id":79,"date":"2016-03-30T08:11:27","date_gmt":"2016-03-30T07:11:27","guid":{"rendered":"http:\/\/kinesio-slovak.sk\/?page_id=79"},"modified":"2022-01-24T23:49:13","modified_gmt":"2022-01-24T22:49:13","slug":"historia-metody","status":"publish","type":"page","link":"https:\/\/kinesio-slovak.sk\/index.php\/historia-metody\/","title":{"rendered":"Hist\u00f3ria met\u00f3dy"},"content":{"rendered":"<p><b>Hist\u00f3ria<\/b><\/p>\n<p>Kinesio Taping \u00ae Method je ucelen\u00e1 lie\u010debn\u00e1 met\u00f3da, ktor\u00e1 umo\u017e\u0148uje na\u0161tartova\u0165 auto repara\u010dn\u00e9 schopnosti organizmu p\u00f4soben\u00edm pru\u017enej tejpovacej p\u00e1sky \u2013 kinesiotejpu \u2013 \u0161pecifick\u00fdch vlastnost\u00ed zvonku cez poko\u017eku, bez pridan\u00fdch farmakologick\u00fdch pr\u00edpravkov.<\/p>\n<p>Autorom met\u00f3dy je vedec japonsk\u00e9ho p\u00f4vodu Dr. Kenzo Kase (Doctor of Chiropractic, Certified in Acupuncture, Moxibustion). Dr. Kase h\u013eadal mo\u017enos\u0165 ur\u00fdchlenia a optimaliz\u00e1cie lie\u010dby svojich pacientov pred\u013a\u017een\u00edm jej p\u00f4sobenia do obdobia medzi jednotliv\u00fdmi n\u00e1v\u0161tevami u terapeuta. Od po\u010diatku vyu\u017e\u00edval svoje znalosti z\u00e1padnej a v\u00fdchodnej medic\u00edny. Za\u010dal experimentova\u0165 s vtedy dostupn\u00fdmi pevn\u00fdmi tejpami, ale bez v\u00fdznamn\u00fdch klinick\u00fdch v\u00fdsledkov. Preto\u017ee autor vych\u00e1dzal tie\u017e z poznatkov vedy kineziol\u00f3gie, h\u013eadal materi\u00e1l, ktor\u00fd by neobmedzoval vo\u013en\u00fd pohyb a na organizmus by p\u00f4sobil ako dotyk \u013eudsk\u00fdch prstov. Podarilo sa mu vyn\u00e1js\u0165 unik\u00e1tny pru\u017en\u00fd textiln\u00fd materi\u00e1l, ktor\u00fd t\u00fato po\u017eiadavku sp\u013a\u0148a a m\u00e1 vlastnosti podobn\u00e9 vlastnostiam \u013eudskej ko\u017ee. Toto bol za\u010diatok lie\u010debnej met\u00f3dy, ktor\u00e1 prin\u00e1\u0161a celkom nov\u00fd pr\u00edstup k lie\u010dbe a prevencii. Spo\u010diatku bola t\u00e1to met\u00f3da vyu\u017e\u00edvan\u00e1 predov\u0161etk\u00fdm pri lie\u010dbe pohybov\u00e9ho apar\u00e1tu.<\/p>\n<p>Dr. Kase ako autor novej lie\u010debnej met\u00f3dy a vyn\u00e1lezca pru\u017en\u00fdch kinesio tejpov vyu\u017eil svoje autorsk\u00e9 pr\u00e1va a svoje vyn\u00e1lezy pomenoval. Nov\u00e1 lie\u010debn\u00e1 met\u00f3da dostala meno Kinesio Taping\u00ae, pru\u017en\u00e9 tejpy pomenoval Kinesio\u00ae Tex Tape. Svoje autorsk\u00e9 pr\u00e1va chr\u00e1ni celosvetovo platn\u00fdmi ochrann\u00fdmi zn\u00e1mkami a patentmi. N\u00e1zov Kinesio\u00ae je naviac obchodnou zn\u00e1mkou pre pru\u017en\u00e9 kinesiotejpy ur\u010den\u00e9 k terapeutick\u00fdm \u00fa\u010delom a pre v\u0161etky ostatn\u00e9 produkty spolo\u010dnosti Kinesio Holding Corporation so s\u00eddlom v USA. Technol\u00f3giu v\u00fdroby svojich pru\u017en\u00fdch tejpov autor nikdy nepredal inej spolo\u010dnosti, preto ostatn\u00e9 pru\u017en\u00e9 tejpy in\u00fdch v\u00fdrobcov, ktor\u00e9 sa postupne objavuj\u00fa na trhu, nemaj\u00fa toto\u017en\u00e9 vlastnosti.<\/p>\n<p><b>Pre\u010do a ako vlastne met\u00f3da Kinesio Taping\u00ae funguje?<\/b><\/p>\n<p>Zjednodu\u0161ene mo\u017eno poveda\u0165, \u017ee v oblasti podko\u017eia (subcutis) je priestor, v ktorom sa nach\u00e1dzaj\u00fa receptory bolesti, krvn\u00e9 a lymfatick\u00e9 rie\u010disko a pod. Pri akejko\u013evek tkanivovej traume reaguj\u00fa tkaniv\u00e1 z\u00e1palovou reakciou. Vznik\u00e1 lok\u00e1lny opuch, ktor\u00fd sp\u00f4sob\u00ed naru\u0161enie toku telesn\u00fdch tekut\u00edn a n\u00e1rast tlaku v podko\u017e\u00ed. T\u00fdm s\u00fa tie\u017e aktivovan\u00e9 receptory bolesti. Aplik\u00e1ciou kinesio tejpu d\u00f4jde k elev\u00e1cii ko\u017ee a zv\u00e4\u010d\u0161eniu priestoru podko\u017eia. Pominie tlak na receptory bolesti a t\u00e1 r\u00fdchlo odoznieva. S\u00fa\u010dasne sa zlep\u0161uje tok telesn\u00fdch tekut\u00edn v podko\u017e\u00ed a \u0161tartuje sa tak auto repara\u010dn\u00e1 schopnos\u0165 organizmu. Prostredn\u00edctvom stimul\u00e1cie proprioreceptorov sa tak reguluje svalov\u00e9 nap\u00e4tie a zlep\u0161uje funkcia k\u013abov, doch\u00e1dza k aktiv\u00e1cii nervov\u00e9ho a obehov\u00e9ho syst\u00e9mu. Dr. Kase spolu so svojim t\u00edmom pri v\u00fdskumoch potvrdil, \u017ee nov\u00fd pru\u017en\u00fd Kinesio\u00ae tejp je naozaj schopn\u00fd ovplyvni\u0165 svaly a spojivov\u00e9 tkaniv\u00e1 zvonku cez poko\u017eku.<\/p>\n<p>Nov\u00e1 met\u00f3da bola spo\u010diatku vyu\u017e\u00edvan\u00e1 predov\u0161etk\u00fdm ortop\u00e9dmi a chiropraktikmi. K prv\u00e9mu hromadn\u00e9mu vyu\u017eitiu met\u00f3dy do\u0161lo po\u010das Olympijsk\u00fdch hier v Soule, kedy japonsk\u00fd olympijsk\u00fd volejbalov\u00fd t\u00edm vyu\u017eil met\u00f3du Kinesio Taping\u00ae ako prevenciu svalov\u00fdch a k\u013abov\u00fdch po\u0161koden\u00ed. Od tej doby sa t\u00e1to met\u00f3da za\u010dala ve\u013emi r\u00fdchlo \u0161\u00edri\u0165 do cel\u00e9ho sveta. Hlavn\u00fdm d\u00f4vodom je samozrejme skuto\u010dnos\u0165, \u017ee terapeutick\u00e9 v\u00fdsledky s\u00fa od po\u010diatku vynikaj\u00face. Ve\u013emi podstatn\u00fa rolu ale hr\u00e1 pravideln\u00e1 mas\u00edvna celosvetov\u00e1 reklama, ktor\u00fa zais\u0165uj\u00fa telev\u00edzne prenosy zo \u0161portov\u00fdch s\u00fa\u0165a\u017e\u00ed. Aj dnes patria koment\u00e1re o tejpovan\u00ed r\u00f4znych poranen\u00ed medzi hlavn\u00e9 inform\u00e1cie o \u0161portovcoch pri vrcholov\u00fdch akci\u00e1ch. T\u00e1to, vlastne bezplatn\u00e1 reklama sp\u00f4sobila obrovsk\u00fd dopyt po tejpovan\u00ed, ktor\u00fd je d\u00f4vodom jej nekontrolovate\u013en\u00e9ho \u0161\u00edrenia bez s\u00fahlasu autora. Preto v t\u00fdchto pr\u00edpadoch bez odborne spr\u00e1vnych inform\u00e1ci\u00ed a skuto\u010dne origin\u00e1lnych Kinesio\u00ae tejpov doch\u00e1dza ku skres\u013eovaniu inform\u00e1ci\u00ed o met\u00f3de, v niektor\u00fdch pr\u00edpadoch a\u017e k jej odbornej devalv\u00e1cii.<\/p>\n<p>Jedn\u00fdm z cie\u013eov tohto webu je poskytn\u00fa\u0165 v\u0161etk\u00fdm z\u00e1ujemcom o met\u00f3du autentick\u00e9, neskreslen\u00e9 a hlavne aktu\u00e1lne inform\u00e1cie, ktor\u00e9 o svojej met\u00f3de a v\u00fdsledkoch jej \u010fal\u0161ieho klinick\u00e9ho sk\u00famania poskytuje odbornej verejnosti jej autor.<\/p>\n<p><b>Hlavn\u00e9 indik\u00e1cie met\u00f3dy Kinesio Taping \u00ae<\/b><\/p>\n<p>Pod\u013ea doteraj\u0161\u00edch poznatkov pri prevent\u00edvnom a lie\u010debnom vyu\u017e\u00edvan\u00ed met\u00f3dy i pod\u013ea neust\u00e1le prebiehaj\u00faceho v\u00fdskumu je dnes met\u00f3da vyu\u017e\u00edvan\u00e1 predov\u0161etk\u00fdm v t\u00fdchto pr\u00edpadoch:<\/p>\n<p>\u2022 bolesti chrbta (kr\u010dn\u00e1, hrudn\u00e1 aj bedrov\u00e1 chrbtica)<\/p>\n<p>\u2022 svalov\u00e9 a \u00faponov\u00e9 bolesti, traumy a z\u00e1paly<\/p>\n<p>\u2022 bolesti hlavy \u2013 predov\u0161etk\u00fdm migr\u00e9ny<\/p>\n<p>\u2022 distorzia a dislok\u00e1cia k\u013abov<\/p>\n<p>\u2022 skoli\u00f3za, a to aj v detskom veku<\/p>\n<p>\u2022 artr\u00f3za<\/p>\n<p>\u2022 epikondylit\u00edda \u2013 tenisov\u00fd, golfov\u00fd a o\u0161tep\u00e1rsky lake\u0165<\/p>\n<p>\u2022 probl\u00e9my s achillovou \u0161\u013eachou<\/p>\n<p>\u2022 syndr\u00f3m karp\u00e1lneho tunela<\/p>\n<p>\u2022 probl\u00e9my s no\u017enou klenbou<\/p>\n<p>\u2022 lymfed\u00e9my a opuchy<\/p>\n<p>\u2022 optimaliz\u00e1cia a ur\u00fdchlenie lie\u010dby po ortopedick\u00fdch oper\u00e1ci\u00e1ch<\/p>\n<p>\u2022 lie\u010dba a hojenie jaziev<\/p>\n<p>\u2022 gynekologick\u00e9 probl\u00e9my<\/p>\n<p>\u2022 neurologick\u00e9 probl\u00e9my a rada \u010fal\u0161\u00edch<\/p>\n<p><b>V s\u00fa\u010dasnej dobe predstavujeme novinku v Kinesio Taping\u00ae Method \u2013 koncept EDF<\/b><\/p>\n<p>Dr. Kenzo Kase spolu so svojim t\u00edmom uzatvorili \u010fal\u0161\u00ed takmer 30 ro\u010dn\u00fd klinick\u00fd v\u00fdskum a predstavili svetu celkom nov\u00fa a unik\u00e1tnu lie\u010debn\u00fa met\u00f3du, ktor\u00fa nazvali EDF (Epidermis-Dermis-Fascie). Rovnako ako v po\u010diatkoch kinesio tapingu musel Dr. Kase vyn\u00e1js\u0165 nov\u00fd materi\u00e1l, ktor\u00fd by umo\u017e\u0148oval realizova\u0165 jeho predstavy. Aj pre t\u00fato met\u00f3du musel vyn\u00e1js\u0165 kinesio tejp nov\u00fdch vlastnost\u00ed. Jej neoddelite\u013enou s\u00fa\u010das\u0165ou je kinesio tejp, ktor\u00fd predstavuje \u010fal\u0161iu gener\u00e1ciu kinesiotapingu. Dostal n\u00e1zov Kinesio\u00ae Tex Gold FP\u2122. Svojou jemnos\u0165ou a priedu\u0161nos\u0165ou pripom\u00edna \u013eahk\u00fd dotyk \u013eudsk\u00e9ho prstu a e\u0161te lep\u0161ie nap\u013a\u0148a p\u00f4vodn\u00fa v\u00edziu Dr. Kaseho. Technol\u00f3gia v\u00fdroby je chr\u00e1nen\u00e1 patentom. T\u00e1to novinka v Kinesio\u00ae tejpoch v\u010faka svojim vlastnostiam tie\u017e roz\u0161\u00edrila okruh pacientov o deti a seniorov s tenkou, jemnou poko\u017ekou.<\/p>\n<p><b>V s\u00fa\u010dasnosti s\u00fa zn\u00e1me len tieto zdravotn\u00e9 kontraindik\u00e1cie met\u00f3dy Kinesio Taping\u00ae:<\/b><\/p>\n<p>\u2022 po\u0161koden\u00e1 poko\u017eka a otvoren\u00e9 poranenia<br \/>\n\u2022 z\u00e1palov\u00e9 ochorenia ko\u017ee<br \/>\n\u2022 mal\u00edgne tumory<br \/>\n\u2022 probl\u00e9my s k\u0155\u010dov\u00fdmi \u017eilami a krvn\u00fdm rie\u010diskom<\/p>\n","protected":false},"excerpt":{"rendered":"<p><span class=\"excerpt-hellip\"> [\u2026]<\/span><\/p>\n","protected":false},"author":1,"featured_media":0,"parent":0,"menu_order":0,"comment_status":"closed","ping_status":"closed","template":"","meta":{"footnotes":""},"class_list":["post-79","page","type-page","status-publish","hentry"],"_links":{"self":[{"href":"https:\/\/kinesio-slovak.sk\/index.php\/wp-json\/wp\/v2\/pages\/79","targetHints":{"allow":["GET"]}}],"collection":[{"href":"https:\/\/kinesio-slovak.sk\/index.php\/wp-json\/wp\/v2\/pages"}],"about":[{"href":"https:\/\/kinesio-slovak.sk\/index.php\/wp-json\/wp\/v2\/types\/page"}],"author":[{"embeddable":true,"href":"https:\/\/kinesio-slovak.sk\/index.php\/wp-json\/wp\/v2\/users\/1"}],"replies":[{"embeddable":true,"href":"https:\/\/kinesio-slovak.sk\/index.php\/wp-json\/wp\/v2\/comments?post=79"}],"version-history":[{"count":0,"href":"https:\/\/kinesio-slovak.sk\/index.php\/wp-json\/wp\/v2\/pages\/79\/revisions"}],"wp:attachment":[{"href":"https:\/\/kinesio-slovak.sk\/index.php\/wp-json\/wp\/v2\/media?parent=79"}],"curies":[{"name":"wp","href":"https:\/\/api.w.org\/{rel}","templated":true}]}}