{"id":86,"date":"2016-03-30T08:12:55","date_gmt":"2016-03-30T07:12:55","guid":{"rendered":"http:\/\/kinesio-slovak.sk\/?page_id=86"},"modified":"2025-05-29T11:44:55","modified_gmt":"2025-05-29T10:44:55","slug":"terminy-kurzov","status":"publish","type":"page","link":"https:\/\/kinesio-slovak.sk\/index.php\/terminy-kurzov\/","title":{"rendered":"Term\u00edny kurzov"},"content":{"rendered":"<p>POZOR: Metoda KINESIO TAPING\u00ae\u00a0 je chr\u00e1n\u011bna autorsk\u00fdmi pr\u00e1vy. Absolventi kurz\u016f\u00a0 nejsou opr\u00e1vn\u011bni metodu KTM \u0161kolit, vyu\u010dovat nebo jak\u00fdmkoliv jin\u00fdm zp\u016fsobem za \u00faplatu d\u00e1le \u0161\u00ed\u0159it. V\u0161ichni \u00fa\u010dastn\u00edci kurzu jsou povinni podepsat PROHL\u00c1\u0160EN\u00cd, ve kter\u00e9m sv\u00fdm podpisem potvrzuj\u00ed, \u017ee byli o tomto z\u00e1kazu informov\u00e1ni. Bez podpisu tohoto prohl\u00e1\u0161en\u00ed nen\u00ed \u00fa\u010dast na kurzu mo\u017en\u00e1.<\/p>\n<p><b>\u0160koliace pracovisko v SR:<\/b><br \/>\nHled\u00e1me nov\u00e9ho partnera pro spolupr\u00e1ci na \u00fazem\u00ed SR<\/p>\n<p><b>\u0160koliace pracovisko v \u010cR:<\/b><br \/>\nPRAHA \u2013 Fascia Clinic Prague, Honz\u00edkova 670\/14, Praha 10 &#8211; Doln\u00ed M\u011bcholupy<br \/>\nV pr\u00edpade z\u00e1ujmu je mo\u017en\u00e9 zorganizova\u0165 kurz aj na va\u0161om pracovisku. Podrobnosti v tomto pr\u00edpade dohov\u00e1rame individu\u00e1lne cez email info@kinesio-czech.cz<br \/>\n<b>Lektori: PhDr. Michal Peroutka, CKTI\u00a0 certifikovan\u00fd pro \u010cR a SR<\/b><\/p>\n<p><b>Vyp\u00edsan\u00e9 term\u00edny<\/b><\/p>\n<p><b>Slovensk\u00e1 republika<\/b><\/p>\n<p><strong>TERM\u00cdN P\u0158IPRAVUJEME\u00a0 \u00a0<\/strong><\/p>\n<p>V\u00fdu\u010dba prebieha\u00a0 po oba dni v \u010dase od 9-18 hodin. Cena kurzu je\u00a0280 eur. Student\u016fm medic\u00edny, fyzioterapie a\u00a0V\u0160 \u00a0obor\u016f, kter\u00e9 p\u0159ipravuj\u00ed specialisty z oblasti sportu, \u00a0poskytujeme po p\u0159edlo\u017een\u00ed dokladu o studiu slevu. Podm\u00ednkou\u00a0\u00fa\u010dasti student\u016f na kurzu\u00a0je absolvov\u00e1n\u00ed zkou\u0161ky z anatomie v r\u00e1mci st\u00e1vaj\u00edc\u00edho studia. Studentsk\u00e1 cena je 250 eur<\/p>\n<p><strong>SPECIALIZOVAN\u00dd KURZ KTM4 &#8211; t\u00e9ma SPORT, ORTOPEDIE\u00a0 \u00a0<\/strong><\/p>\n<p><strong>TERM\u00cdN\u00a0 \u00a0P\u0158IPRAVUJEME<\/strong>\u00a0 \u00a0 \u00a0 \u00a0Registrovat se m\u016f\u017eete a\u017e po absolvov\u00e1n\u00ed n\u00e1mi organizovan\u00e9ho kurzu KTM1\/2 &#8211; dokl\u00e1d\u00e1te \u010d\u00edslem z p\u0159\u00edslu\u0161n\u00e9ho certifik\u00e1tu. V\u00fdu\u010dba prebieha v \u010dase 9-17 hodin. Cena kurzu 170 eur.<\/p>\n<p><b>\u010cesk\u00e1 republika &#8211; z\u00e1kladn\u00ed dvoudenn\u00ed kurz KINESIO TAPING FOUNDATIONS\u00a0 (KTM1\/2)<\/b><\/p>\n<p><strong>TERM\u00cdN 4. &#8211; 5. 10. 2025. M\u00edsto kon\u00e1n\u00ed Praha, Fascia Clinic Prague, Honz\u00edkova 670\/14, Praha-Doln\u00ed M\u011bcholupy<\/strong><\/p>\n<p>V\u00fduka prob\u00edh\u00e1 v dob\u011b 9-18 hodin po oba dny. Cena kurzu je 7500,- K\u010d. Student\u016fm medic\u00edny, fyzioterapie a V\u0160 obor\u016f, kter\u00e9 p\u0159ipravuj\u00ed specialisty z oblasti sportu, poskytneme po p\u0159edlo\u017een\u00ed dokladu o studiu slevu. Podm\u00ednkou \u00fa\u010dasti student\u016f na kurzu je absolvov\u00e1n\u00ed zkou\u0161ky z anatomie v r\u00e1mci st\u00e1vaj\u00edc\u00edho studia. Studentsk\u00e1 cena je 6500 K\u010d.\u00a0<strong>ABSOLVENT\u016eM KURZ\u016e KTM KONAN\u00ddCH NA \u00daZEM\u00cd \u010cR JSOU ZAPO\u010c\u00cdT\u00c1V\u00c1NY KREDITY dle\u00a0 pravidel platn\u00fdch na \u00fazem\u00ed SR pro vzd\u011bl\u00e1v\u00e1n\u00ed zdravotnick\u00fdch pracovn\u00edk\u016f.<\/strong><\/p>\n<p>Ako sa prihl\u00e1si\u0165?<\/p>\n<p>Na kurz sa\u00a0<strong>registrujte<\/strong>\u00a0<a href=\"http:\/\/kinesio-slovak.sk\/index.php\/prihlaska\/\">TU<\/a> vyplnen\u00edm prihlasovacieho formul\u00e1ra. Pr\u00edpadne m\u00f4\u017eete posla\u0165 prihl\u00e1\u0161ku na email info@kinesio-czech.cz.<\/p>\n<p>Do prihl\u00e1\u0161ky uve\u010fte po\u017eadovan\u00e9 \u00fadaje. Venujte tomu, pros\u00edm, pozornos\u0165. Jedn\u00e1 sa o \u00fadaje, ktor\u00e9 budete ma\u0165 na certifik\u00e1toch a dokladoch o zaplaten\u00ed poplatku za kurz.<\/p>\n<p>Z\u00e1ujemcovia o \u00fa\u010das\u0165 v nadv\u00e4zuj\u00facich kurzoch uved\u00fa navy\u0161e miesto a d\u00e1tum konania predch\u00e1dzaj\u00faceho kurzu a \u0161pecifick\u00fd k\u00f3d op\u00edsan\u00fd z certifik\u00e1tu do kol\u00f3nky pre pozn\u00e1mky.<\/p>\n<p>\u0160tudenti sa m\u00f4\u017eu z\u00fa\u010dastni\u0165\u00a0 \u00favodn\u00fdch kurzov, musia ma\u0165 \u00faspe\u0161ne absolvovan\u00fa sk\u00fa\u0161ku z anat\u00f3mie. Student\u016fm poskytujeme slevu z ceny kurzu po p\u0159edlo\u017een\u00ed po\u017eadovan\u00fdch doklad\u016f<\/p>\n<p>Po zaslan\u00ed prihl\u00e1\u0161ky dostanete emailom \u00fadaje k platbe, pr\u00edpadne inform\u00e1ciu, \u017ee zvolen\u00fd term\u00edn je u\u017e obsaden\u00fd.<\/p>\n<p>Po prijat\u00ed platby na \u00fa\u010det v\u00e1m z\u00e1v\u00e4zne potvrd\u00edme \u00fa\u010das\u0165 na kurze.<br \/>\nOdpor\u00fa\u010dame nev\u00e1ha\u0165 s prihl\u00e1sen\u00edm na vami zvolen\u00fd kurz. Po\u010det miest na kurzoch je obmedzen\u00fd. Miesto na kurze je z\u00e1v\u00e4zne rezervovan\u00e9 a\u017e po prijat\u00ed platby a to v porad\u00ed, v akom boli platby prip\u00edsan\u00e9 na \u00fa\u010det.<\/p>\n<p>V pr\u00edpade, \u017ee sa zo z\u00e1va\u017en\u00fdch d\u00f4vodov nebudete m\u00f4c\u0165 kurzu z\u00fa\u010dastni\u0165, informujte ihne\u010f organiz\u00e1tora na<a href=\"mailto: info@kinesio-czech.cz\"> info@kinesio-czech.cz<\/a>. V t\u00fdchto pr\u00edpadoch s vami dohodneme n\u00e1hradn\u00fd term\u00edn. Poplatky za kurz nevraciame.<br \/>\nAk bude kurz zru\u0161en\u00fd z d\u00f4vodov na strane organiz\u00e1tora, dohodneme s vami bu\u010f n\u00e1hradn\u00fd term\u00edn alebo vr\u00e1tenie pe\u0148az\u00ed.<\/p>\n<p><b>Kvalifika\u010dn\u00e9 predpoklady \u00fa\u010dastn\u00edkov kurzu:<\/b><br \/>\nKurzy KTM s\u00fa ur\u010den\u00e9 pre lek\u00e1rov a nelek\u00e1rske zdravotn\u00edcke odbory. Nie s\u00fa ur\u010den\u00e9 pre laick\u00fa verejnos\u0165. Po novom sa kurzu KT1\/KT2 m\u00f4\u017eu z\u00fa\u010dastni\u0165 aj \u0161tudenti medic\u00edny a vybran\u00fdch zdravotn\u00edckych odborov a to po zlo\u017een\u00ed sk\u00fa\u0161ky z anat\u00f3mie.<\/p>\n<p><b>\u010co obsahuje cena kurzu:<\/b><br \/>\n&#8211; origin\u00e1lne v\u00fdukov\u00e9 skript\u00e1 pre zvolen\u00fd typ kurzu vydan\u00e9 KTAI<br \/>\n&#8211; dostato\u010dn\u00fd po\u010det origin\u00e1lnych Kinesio Tex tejpov<br \/>\n&#8211; medzin\u00e1rodne platn\u00fd certifik\u00e1t vyd\u00e1van\u00fd KTAI<br \/>\n&#8211; trval\u00fa z\u013eavu\u00a0 z be\u017enej ceny tejpov uvedenej v na\u0161om e-shope <a href=\"http:\/\/www.sportmedic.cz\">www.sportmedic.cz<\/a>.<br \/>\n&#8211; v pr\u00edpade absolvovania kurzov KT1\/KT2, k\u00f3d umo\u017e\u0148uj\u00faci 60 denn\u00fd pr\u00edstup do on-line datab\u00e1zy KTAI.<\/p>\n<p><b>\u010co potrebujete na kurz:<\/b><br \/>\n&#8211; ostr\u00e9 no\u017enice<br \/>\n&#8211; p\u00edsacie potreby<br \/>\n&#8211; \u0161portov\u00e9 oble\u010denie a obuv<br \/>\n&#8211; \u0161portov\u00fa spodn\u00fa bielize\u0148.<\/p>\n<p><b>Zakon\u010denie kurzu:<\/b><\/p>\n<p>&#8211; jednotliv\u00e9 kurzy nie s\u00fa zakon\u010den\u00e9 sk\u00fa\u0161kou<\/p>\n<p>&#8211; po absolvovan\u00ed ka\u017ed\u00e9ho kurzu z\u00edskate medzin\u00e1rodne platn\u00fd certifik\u00e1t vydan\u00fd KTAI se s\u00eddlem v USA<\/p>\n<p>&#8211; po absolvovan\u00ed kurzu KTM1\/2 m\u00e1 \u00fa\u010dastn\u00edk mo\u017enos\u0165 zlo\u017ei\u0165 on-line neplaten\u00fd test, ktor\u00fd vyhodnocuje priamo KTAI a z\u00edska\u0165 titul Certified Kinesio Taping\u00ae Practitioner (CKTP).<\/p>\n<p><b>POZOR<\/b><\/p>\n<p>Po\u010das ka\u017ed\u00e9ho kurzu m\u00e1te mo\u017enos\u0165 zak\u00fapi\u0165 origin\u00e1lne Kinesio\u00ae Tex tejpy so z\u013eavou z be\u017enej ceny uvedenej v na\u0161om e-shope <a href=\"http:\/\/www.sportmedic.cz\">www.sportmedic.cz<\/a>.<\/p>\n<p>Z\u013eavu z be\u017enej ceny poskytujeme na\u0161im absolventom natrvalo. Podrobnosti pre z\u00edskanie z\u013eavy pre absolventov n\u00e1jdete v e-shope <a href=\"http:\/\/www.sportmedic.cz\">www.sportmedic.cz<\/a>.<\/p>\n<p><b>KONTAKTY<\/b><\/p>\n<p><b>Autorizovan\u00fd z\u00e1stupca KTAI pre \u010cR a SR<\/b><\/p>\n<p>EUROSAD s.r.o. Val \u010d. 3, I\u010cO: 62503910<\/p>\n<p>email: info@kinesio-czech.cz, e-shop www.sportmedic.cz<\/p>\n<p>Certifikovan\u00fd lektor:<\/p>\n<p>PhDr. Michal Peroutka, CKTI pre \u010cR a SR<br \/>\nemail:<a href=\"mailto:info@kinesio-czech.cz\">info@kinesio-czech.cz<\/a><br \/>\n<a href=\"http:\/\/:www.kinesio-czech.cz\">www.kinesio-czech.cz<\/a><\/p>\n","protected":false},"excerpt":{"rendered":"<p><span class=\"excerpt-hellip\"> [\u2026]<\/span><\/p>\n","protected":false},"author":1,"featured_media":0,"parent":0,"menu_order":0,"comment_status":"closed","ping_status":"closed","template":"","meta":{"footnotes":""},"class_list":["post-86","page","type-page","status-publish","hentry"],"_links":{"self":[{"href":"https:\/\/kinesio-slovak.sk\/index.php\/wp-json\/wp\/v2\/pages\/86","targetHints":{"allow":["GET"]}}],"collection":[{"href":"https:\/\/kinesio-slovak.sk\/index.php\/wp-json\/wp\/v2\/pages"}],"about":[{"href":"https:\/\/kinesio-slovak.sk\/index.php\/wp-json\/wp\/v2\/types\/page"}],"author":[{"embeddable":true,"href":"https:\/\/kinesio-slovak.sk\/index.php\/wp-json\/wp\/v2\/users\/1"}],"replies":[{"embeddable":true,"href":"https:\/\/kinesio-slovak.sk\/index.php\/wp-json\/wp\/v2\/comments?post=86"}],"version-history":[{"count":13,"href":"https:\/\/kinesio-slovak.sk\/index.php\/wp-json\/wp\/v2\/pages\/86\/revisions"}],"predecessor-version":[{"id":696,"href":"https:\/\/kinesio-slovak.sk\/index.php\/wp-json\/wp\/v2\/pages\/86\/revisions\/696"}],"wp:attachment":[{"href":"https:\/\/kinesio-slovak.sk\/index.php\/wp-json\/wp\/v2\/media?parent=86"}],"curies":[{"name":"wp","href":"https:\/\/api.w.org\/{rel}","templated":true}]}}