{"id":96,"date":"2016-03-30T08:19:01","date_gmt":"2016-03-30T07:19:01","guid":{"rendered":"http:\/\/kinesio-slovak.sk\/?page_id=96"},"modified":"2018-06-11T13:51:20","modified_gmt":"2018-06-11T12:51:20","slug":"obchodne-podmienky","status":"publish","type":"page","link":"https:\/\/kinesio-slovak.sk\/index.php\/obchodne-podmienky\/","title":{"rendered":"Obchodn\u00e9 podmienky"},"content":{"rendered":"<div class=\"column mcb-column one column_fancy_heading \">\n<div class=\"fancy_heading fancy_heading_icon\">\n<h1 class=\"title\">Obchodn\u00ed podm\u00ednky<\/h1>\n<\/div>\n<\/div>\n<div class=\"column mcb-column one column_column column-margin-\">\n<div class=\"column_attr\">\n<p>Tyto obchodn\u00ed podm\u00ednky se vztahuj\u00ed na jak\u00fdkoliv n\u00e1kup slu\u017eby prost\u0159ednictv\u00edm\u00a0<a href=\"http:\/\/kinesio-slovak.sk\/\" target=\"_blank\" rel=\"noopener\">www.kinesio-slovak.sk<\/a>. D\u00e1le jen OP. Pr\u00e1vn\u00ed vztahy zde neupraven\u00e9 se \u0159\u00edd\u00ed pr\u00e1vn\u00edm \u0159\u00e1dem \u010cesk\u00e9 republiky, zejm\u00e9na Ob\u010dansk\u00fdm z\u00e1kon\u00edkem \u010d. 89\/2012 Sb. \/d\u00e1le jen OZ\/ Tyto OP vymezuj\u00ed pr\u00e1va a povinnosti prod\u00e1vaj\u00edc\u00edho a kupuj\u00edc\u00edho.<\/p>\n<h4>Vymezen\u00ed pojm\u016f<\/h4>\n<p>PROD\u00c1VAJ\u00cdC\u00cd je\u00a0spole\u010dnost EUROSAD, s.r.o., autorizovan\u00fd z\u00e1stupce KTAI se s\u00eddlem v USA\u00a0pro \u010cR a SR. Firma m\u00e1 s\u00eddlo ve Valu \u010d. 3, 39181 Vesel\u00ed nad Lu\u017enic\u00ed, I\u010c 62503910. Firmu zastupuje jednatelka spole\u010dnosti Ing. Milu\u0161ka Peroutkov\u00e1, CSc.<\/p>\n<p>SLU\u017dBA je jak\u00fdkoliv odborn\u00fd vzd\u011bl\u00e1vac\u00ed kurz nab\u00edzen\u00fd na na\u0161em webu. Proto\u017ee se na kurz registrujete elektronickou cestou, jedn\u00e1 se\u00a0 o\u00a0n\u00e1kup slu\u017eby uzav\u0159en\u00e9 distan\u010dn\u00edm zp\u016fsobem<\/p>\n<p>KUPUJ\u00cdC\u00cd je \u00fa\u010dastn\u00edk kurzu.\u00a0\u00a0\u00a0.<\/p>\n<h4>Kupn\u00ed smlouva<\/h4>\n<p>N\u00e1vrhem kupn\u00ed smlouvy je registra\u010dn\u00ed email, kter\u00fdm se \u00fa\u010dastn\u00edk kurzu p\u0159ihl\u00e1s\u00ed na zvolen\u00fd term\u00edn kurzu. V registra\u010dn\u00edm emailu vypln\u00ed \u00fa\u010dastn\u00edk v\u0161echny po\u017eadovan\u00e9 \u00fadaje podle propozic a ode\u0161le ho pomoc\u00ed prost\u0159edk\u016f na d\u00e1lku na adresu\u00a0<a href=\"mailto:info@kinesio-czech.cz\" target=\"_blank\" rel=\"noopener\">info@kinesio-slovak.sk<\/a>. Prod\u00e1vaj\u00edc\u00ed op\u011bt pomoc\u00ed\u00a0komunikace na d\u00e1lku ode\u0161le kupuj\u00edc\u00edmu potvrzuj\u00edc\u00ed email a t\u00edm je kupn\u00ed smlouva uzav\u0159ena. V tomto potvrzuj\u00edc\u00edm emailu sd\u011bl\u00ed prod\u00e1vaj\u00edc\u00ed kupuj\u00edc\u00edmu tak\u00e9 \u00fadaje pro platbu\u00a0 ceny za kurz v\u010detn\u011b variabiln\u00edho symbolu \/VS\/. Tento VS je t\u0159eba p\u0159esn\u011b dodr\u017eet, jinak nem\u016f\u017ee prod\u00e1vaj\u00edc\u00ed zajistit v\u010dasn\u00e9 dohled\u00e1n\u00ed platby a t\u00edm m\u016f\u017ee b\u00fdt ohro\u017eeno po\u0159ad\u00ed rezervace m\u00edsta na kurzu. Komunikace a kupn\u00ed smlouva je vedena v \u010desk\u00e9m jazyce. \u00dahrada poplatku za kurz prob\u00edh\u00e1\u00a0 bezhotovostn\u00edm p\u0159evodem na \u00fa\u010det prod\u00e1vaj\u00edc\u00edho. V p\u0159\u00edpad\u011b velk\u00e9ho z\u00e1jmu o konkr\u00e9tn\u00ed term\u00edn\u00a0se rezervace m\u00edsta st\u00e1v\u00e1 z\u00e1vaznou a\u017e po p\u0159ips\u00e1n\u00ed platby na \u00fa\u010det a to v po\u0159ad\u00ed, v jak\u00e9m platby do\u0161ly.<\/p>\n<h4>Cena za slu\u017ebu<\/h4>\n<p>Cena za \u00fa\u010dast na kurzu je v\u017edy uvedena v propozic\u00edch ke konkr\u00e9tn\u00edmu term\u00ednu a typu kurzu. Tato cena je kone\u010dn\u00e1, bez dal\u0161\u00edch poplatk\u016f.<\/p>\n<h4>Mo\u017enost odstoupen\u00ed od kupn\u00ed smlouvy<\/h4>\n<p>Kupuj\u00edc\u00ed \/\u00fa\u010dastn\u00edk kurzu\/ m\u00e1 pr\u00e1vo odstoupit od kupn\u00ed smlouvy bez ud\u00e1n\u00ed d\u016fvodu ve lh\u016ft\u011b 14 dn\u00ed p\u0159ed term\u00ednem zah\u00e1jen\u00ed kurzu. Provede to emailem na adrese\u00a0<a href=\"mailto:info@kinesio-czech.cz\" target=\"_blank\" rel=\"noopener\">info@kinesio-czech.cz<\/a>. Prod\u00e1vaj\u00edc\u00ed potvrd\u00ed p\u0159ijet\u00ed tohoto rozhodnut\u00ed op\u011bt elektronickou cestou. V tomto p\u0159\u00edpad\u011b je KS neplatn\u00e1 od sam\u00e9ho po\u010d\u00e1tku. Pokud ji\u017e kupuj\u00edc\u00ed zaplatil cenu za kurz na \u00fa\u010det prod\u00e1vaj\u00edc\u00edho, bude mu tento poplatek vr\u00e1cen zp\u011bt v pln\u00e9 v\u00fd\u0161i stejnou cestou. V term\u00ednu krat\u0161\u00edm ne\u017e 14 dn\u00ed do zah\u00e1jen\u00ed kurzu nelze od KS odstoupit a zaplacen\u00e9 poplatky nevrac\u00edme.\u00a0Pokud se\u00a0\u00fa\u010dastn\u00edk ze z\u00e1va\u017en\u00fdch zdravotn\u00edch nebo rodinn\u00fdch d\u016fvod\u016f nem\u016f\u017ee zvolen\u00e9ho term\u00ednu z\u00fa\u010dastnit, ozn\u00e1m\u00ed tuto skute\u010dnost neprodlen\u011b p\u0159ed term\u00ednem kon\u00e1n\u00ed kurzu organiz\u00e1torovi \/prod\u00e1vaj\u00edc\u00edmu\/ emailem na adrese\u00a0<a href=\"mailto:info@kinesio-czech.cz\" target=\"_blank\" rel=\"noopener\">info@kinesio-czech.cz<\/a>. \u00a0Organiz\u00e1tor v takov\u00e9m p\u0159\u00edpad\u011b\u00a0umo\u017en\u00ed kupuj\u00edc\u00edmu absolvovat\u00a0zvolen\u00fd kurz v\u00a0n\u00e1hradn\u00edm term\u00ednu.<\/p>\n<p>Uzav\u0159en\u00edm kupn\u00ed smlouvy o \u00fa\u010dasti na odborn\u00e9m kurzu vyslovuje \u00fa\u010dastn\u00edk kurzu souhlas s t\u011bmito obchodn\u00edmi podm\u00ednkami. D\u00e1le vyslovuje souhlas se sv\u00fdm za\u0159azen\u00edm\u00a0 do DATAB\u00c1ZE absolvent\u016f\u00a0a jej\u00edho vyu\u017eit\u00ed k marketingov\u00fdm \u00fa\u010del\u016fm prod\u00e1vaj\u00edc\u00edho. D\u00e1le\u00a0\u00fa\u010dastn\u00edk kurzu potvrzuje, \u017ee se sezn\u00e1mil \u00a0se z\u00e1kazem po\u0159izovat audio a video z\u00e1znam z pr\u016fb\u011bhu kurzu bez souhlasu lektora.<\/p>\n<p>Uzav\u0159en\u00edm kupn\u00ed smlouvy \u00fa\u010dastn\u00edk potvrzuje, \u017ee bude respektovat autorsk\u00e1 pr\u00e1va k metod\u011b KINESIO TAPING a je si v\u011bdom toho, \u017ee absolvov\u00e1n\u00ed kurz\u016f v\u0161ech \u00farovn\u00ed ho v \u017e\u00e1dn\u00e9m p\u0159\u00edpad\u011b neoprav\u0148uje k v\u00fduce nebo\u00a0k jak\u00e9mukoliv jin\u00e9mu \u0161\u00ed\u0159en\u00ed metody.<\/p>\n<p>Prod\u00e1vaj\u00edc\u00ed m\u00e1 pr\u00e1vo odm\u00edtnout registraci na kurz pokud z\u00e1jemce o kurz nespl\u0148uje kvalifika\u010dn\u00ed p\u0159edpoklady ke kurzu nebo poru\u0161uje autorsk\u00e1 pr\u00e1va k metod\u011b KINESIO TAPING.<\/p>\n<p>&nbsp;<\/p>\n<h4>Ochrana osobn\u00edch \u00fadaj\u016f<\/h4>\n<p>Z\u00e1sady, kter\u00e9 dodr\u017eujeme p\u0159i zpracov\u00e1v\u00e1n\u00ed osobn\u00edch \u00fadaj\u016f, naleznete v samostatn\u00e9 kapitole s n\u00e1zvem GDPR.<\/p>\n<h4>\u0158e\u0161en\u00ed spor\u016f<\/h4>\n<p>Vz\u00e1jemn\u00e9 spory mezi prod\u00e1vaj\u00edc\u00edm\u00a0 a kupuj\u00edc\u00edm \u0159e\u0161\u00ed obecn\u00e9 soudy v \u010cR. Organiz\u00e1tor m\u00e1 pr\u00e1vo m\u011bnit jednotliv\u00e1 ujedn\u00e1n\u00ed Obchodn\u00edch podm\u00ednek. V p\u0159\u00edpad\u011b spor\u016f plat\u00ed v\u017edy ujedn\u00e1n\u00ed OP platn\u00e9 v dob\u011b kon\u00e1n\u00ed kurzu, kter\u00e9ho se p\u0159\u00edpadn\u00fd spor t\u00fdk\u00e1. Tyto Obchodn\u00ed podm\u00ednky nab\u00fdvaj\u00ed \u00fa\u010dinnosti dne 1. 6. 2015 a jsou aktualizovan\u00e9 dne 15.5.2018<\/p>\n<\/div>\n<\/div>\n","protected":false},"excerpt":{"rendered":"<p><span class=\"excerpt-hellip\"> [\u2026]<\/span><\/p>\n","protected":false},"author":1,"featured_media":0,"parent":0,"menu_order":0,"comment_status":"closed","ping_status":"closed","template":"","meta":{"footnotes":""},"class_list":["post-96","page","type-page","status-publish","hentry"],"_links":{"self":[{"href":"https:\/\/kinesio-slovak.sk\/index.php\/wp-json\/wp\/v2\/pages\/96","targetHints":{"allow":["GET"]}}],"collection":[{"href":"https:\/\/kinesio-slovak.sk\/index.php\/wp-json\/wp\/v2\/pages"}],"about":[{"href":"https:\/\/kinesio-slovak.sk\/index.php\/wp-json\/wp\/v2\/types\/page"}],"author":[{"embeddable":true,"href":"https:\/\/kinesio-slovak.sk\/index.php\/wp-json\/wp\/v2\/users\/1"}],"replies":[{"embeddable":true,"href":"https:\/\/kinesio-slovak.sk\/index.php\/wp-json\/wp\/v2\/comments?post=96"}],"version-history":[{"count":0,"href":"https:\/\/kinesio-slovak.sk\/index.php\/wp-json\/wp\/v2\/pages\/96\/revisions"}],"wp:attachment":[{"href":"https:\/\/kinesio-slovak.sk\/index.php\/wp-json\/wp\/v2\/media?parent=96"}],"curies":[{"name":"wp","href":"https:\/\/api.w.org\/{rel}","templated":true}]}}